{"id":7881,"date":"2026-04-12T17:18:21","date_gmt":"2026-04-12T17:18:21","guid":{"rendered":"https:\/\/saturnuscell.com.br\/?page_id=7881"},"modified":"2026-04-20T14:57:11","modified_gmt":"2026-04-20T14:57:11","slug":"sobre-nos","status":"publish","type":"page","link":"https:\/\/saturnuscell.com.br\/?page_id=7881","title":{"rendered":"Sobre N\u00f3s"},"content":{"rendered":"\t\t<div data-elementor-type=\"wp-page\" data-elementor-id=\"7881\" class=\"elementor elementor-7881\" data-elementor-post-type=\"page\">\n\t\t\t\t<div class=\"elementor-element elementor-element-3328c9a e-con-full e-flex e-con e-parent\" data-id=\"3328c9a\" data-element_type=\"container\" data-e-type=\"container\" data-settings=\"{&quot;background_background&quot;:&quot;classic&quot;}\">\n\t\t\t\t<div class=\"elementor-element elementor-element-100923d elementor-widget elementor-widget-heading\" data-id=\"100923d\" data-element_type=\"widget\" data-e-type=\"widget\" data-widget_type=\"heading.default\">\n\t\t\t\t<div class=\"elementor-widget-container\">\n\t\t\t\t\t<h2 class=\"elementor-heading-title elementor-size-default\"><br>Quem somos?<\/h2>\t\t\t\t<\/div>\n\t\t\t\t<\/div>\n\t\t\t\t<div class=\"elementor-element elementor-element-3d695c9 elementor-widget elementor-widget-text-editor\" data-id=\"3d695c9\" data-element_type=\"widget\" data-e-type=\"widget\" data-widget_type=\"text-editor.default\">\n\t\t\t\t<div class=\"elementor-widget-container\">\n\t\t\t\t\t\t\t\t\t<p style=\"text-align: center;\" data-path-to-node=\"5\">\u00a0<\/p><p style=\"text-align: center;\" data-path-to-node=\"5\">Bem-vindo \u00e0 <b data-path-to-node=\"5\" data-index-in-node=\"12\">Saturnus Cell<\/b>, o seu destino principal para tecnologia e prote\u00e7\u00e3o mobile.<\/p><p style=\"text-align: center;\" data-path-to-node=\"6\">Nascemos com o prop\u00f3sito de conectar pessoas ao que h\u00e1 de melhor no mundo dos acess\u00f3rios para smartphones. Sabemos que o seu celular n\u00e3o \u00e9 apenas um aparelho, mas uma extens\u00e3o da sua rotina, do seu trabalho e das suas conex\u00f5es. Por isso, nossa miss\u00e3o \u00e9 oferecer produtos que unam <b data-path-to-node=\"6\" data-index-in-node=\"280\">durabilidade, estilo e alta performance<\/b>.<\/p><p style=\"text-align: center;\" data-path-to-node=\"7\">Selecionamos criteriosamente cada cabo, carregador e acess\u00f3rio em nosso cat\u00e1logo para garantir que voc\u00ea tenha sempre a melhor experi\u00eancia tecnol\u00f3gica, com a seguran\u00e7a que o seu dispositivo merece.<\/p>\t\t\t\t\t\t\t\t<\/div>\n\t\t\t\t<\/div>\n\t\t\t\t<div class=\"elementor-element elementor-element-627891f elementor-widget elementor-widget-text-editor\" data-id=\"627891f\" data-element_type=\"widget\" data-e-type=\"widget\" data-widget_type=\"text-editor.default\">\n\t\t\t\t<div class=\"elementor-widget-container\">\n\t\t\t\t\t\t\t\t\t<p style=\"text-align: center;\"><strong>Saturnus Cell: Conectando voc\u00ea ao futuro,<\/strong><\/p><p style=\"text-align: center;\"><strong>um acess\u00f3rio de cada vez.<\/strong><\/p>\t\t\t\t\t\t\t\t<\/div>\n\t\t\t\t<\/div>\n\t\t\t\t<\/div>\n\t\t\t\t<\/div>\n\t\t","protected":false},"excerpt":{"rendered":"<p>Quem somos? \u00a0 Bem-vindo \u00e0 Saturnus Cell, o seu destino principal para tecnologia e prote\u00e7\u00e3o mobile. Nascemos com o prop\u00f3sito de conectar pessoas ao que h\u00e1 de melhor no mundo dos acess\u00f3rios para smartphones. Sabemos que o seu celular n\u00e3o \u00e9 apenas um aparelho, mas uma extens\u00e3o da sua rotina, do seu trabalho e das [&hellip;]<\/p>\n","protected":false},"author":1,"featured_media":0,"parent":0,"menu_order":0,"comment_status":"closed","ping_status":"closed","template":"","meta":{"footnotes":""},"class_list":["post-7881","page","type-page","status-publish","hentry"],"_links":{"self":[{"href":"https:\/\/saturnuscell.com.br\/index.php?rest_route=\/wp\/v2\/pages\/7881","targetHints":{"allow":["GET"]}}],"collection":[{"href":"https:\/\/saturnuscell.com.br\/index.php?rest_route=\/wp\/v2\/pages"}],"about":[{"href":"https:\/\/saturnuscell.com.br\/index.php?rest_route=\/wp\/v2\/types\/page"}],"author":[{"embeddable":true,"href":"https:\/\/saturnuscell.com.br\/index.php?rest_route=\/wp\/v2\/users\/1"}],"replies":[{"embeddable":true,"href":"https:\/\/saturnuscell.com.br\/index.php?rest_route=%2Fwp%2Fv2%2Fcomments&post=7881"}],"version-history":[{"count":34,"href":"https:\/\/saturnuscell.com.br\/index.php?rest_route=\/wp\/v2\/pages\/7881\/revisions"}],"predecessor-version":[{"id":8549,"href":"https:\/\/saturnuscell.com.br\/index.php?rest_route=\/wp\/v2\/pages\/7881\/revisions\/8549"}],"wp:attachment":[{"href":"https:\/\/saturnuscell.com.br\/index.php?rest_route=%2Fwp%2Fv2%2Fmedia&parent=7881"}],"curies":[{"name":"wp","href":"https:\/\/api.w.org\/{rel}","templated":true}]}}